{"id":931,"date":"2023-01-04T18:04:13","date_gmt":"2023-01-04T18:04:13","guid":{"rendered":"https:\/\/tanin.es\/?page_id=931"},"modified":"2025-08-12T18:00:49","modified_gmt":"2025-08-12T18:00:49","slug":"privatizar","status":"publish","type":"page","link":"https:\/\/tanin.es\/?page_id=931","title":{"rendered":"Gu\u00edas Tur\u00edsticos"},"content":{"rendered":"\n<p><\/p>\n\n\n\n<p><strong>Tours de vino y vi\u00f1edos<\/strong><\/p>\n\n\n\n<p><\/p>\n\n\n\n<p><strong>Visitas a pueblos con encanto<\/strong><\/p>\n\n\n\n<p><\/p>\n\n\n\n<p><strong>Talleres<\/strong><\/p>\n\n\n\n<p>Capacidad: 2-10 pers.<\/p>\n\n\n\n<p>Pide presupesto: info@tanin.es o llamanos para m\u00e1s informaci\u00f3n al 693 1000 48<\/p>\n\n\n\n<figure class=\"wp-block-gallery has-nested-images columns-default is-cropped wp-block-gallery-1 is-layout-flex wp-block-gallery-is-layout-flex\">\n<figure class=\"wp-block-image size-large\"><img loading=\"lazy\" decoding=\"async\" width=\"1024\" height=\"768\" data-id=\"968\" src=\"https:\/\/tanin.es\/wp-content\/uploads\/2023\/01\/IMG_20230113_215255-1024x768.jpg\" alt=\"\" class=\"wp-image-968\" srcset=\"https:\/\/tanin.es\/wp-content\/uploads\/2023\/01\/IMG_20230113_215255-1024x768.jpg 1024w, https:\/\/tanin.es\/wp-content\/uploads\/2023\/01\/IMG_20230113_215255-300x225.jpg 300w, https:\/\/tanin.es\/wp-content\/uploads\/2023\/01\/IMG_20230113_215255-768x576.jpg 768w, https:\/\/tanin.es\/wp-content\/uploads\/2023\/01\/IMG_20230113_215255-1536x1152.jpg 1536w, https:\/\/tanin.es\/wp-content\/uploads\/2023\/01\/IMG_20230113_215255-2048x1536.jpg 2048w\" sizes=\"auto, (max-width: 1024px) 100vw, 1024px\" \/><\/figure>\n\n\n\n<figure class=\"wp-block-image size-large\"><img loading=\"lazy\" decoding=\"async\" width=\"1024\" height=\"768\" data-id=\"967\" src=\"https:\/\/tanin.es\/wp-content\/uploads\/2023\/01\/IMG_20230114_143032-1-1024x768.jpg\" alt=\"\" class=\"wp-image-967\" srcset=\"https:\/\/tanin.es\/wp-content\/uploads\/2023\/01\/IMG_20230114_143032-1-1024x768.jpg 1024w, https:\/\/tanin.es\/wp-content\/uploads\/2023\/01\/IMG_20230114_143032-1-300x225.jpg 300w, https:\/\/tanin.es\/wp-content\/uploads\/2023\/01\/IMG_20230114_143032-1-768x576.jpg 768w, https:\/\/tanin.es\/wp-content\/uploads\/2023\/01\/IMG_20230114_143032-1-1536x1152.jpg 1536w, https:\/\/tanin.es\/wp-content\/uploads\/2023\/01\/IMG_20230114_143032-1-2048x1536.jpg 2048w\" sizes=\"auto, (max-width: 1024px) 100vw, 1024px\" \/><\/figure>\n<\/figure>\n\n\n\n<p><\/p>\n","protected":false},"excerpt":{"rendered":"<p>Tours de vino y vi\u00f1edos Visitas a pueblos con encanto Talleres Capacidad: 2-10 pers. Pide presupesto: info@tanin.es o llamanos para m\u00e1s informaci\u00f3n al 693 1000 48<\/p>\n","protected":false},"author":1,"featured_media":0,"parent":0,"menu_order":0,"comment_status":"closed","ping_status":"closed","template":"","meta":{"footnotes":""},"class_list":["post-931","page","type-page","status-publish","hentry"],"_links":{"self":[{"href":"https:\/\/tanin.es\/index.php?rest_route=\/wp\/v2\/pages\/931","targetHints":{"allow":["GET"]}}],"collection":[{"href":"https:\/\/tanin.es\/index.php?rest_route=\/wp\/v2\/pages"}],"about":[{"href":"https:\/\/tanin.es\/index.php?rest_route=\/wp\/v2\/types\/page"}],"author":[{"embeddable":true,"href":"https:\/\/tanin.es\/index.php?rest_route=\/wp\/v2\/users\/1"}],"replies":[{"embeddable":true,"href":"https:\/\/tanin.es\/index.php?rest_route=%2Fwp%2Fv2%2Fcomments&post=931"}],"version-history":[{"count":16,"href":"https:\/\/tanin.es\/index.php?rest_route=\/wp\/v2\/pages\/931\/revisions"}],"predecessor-version":[{"id":1110,"href":"https:\/\/tanin.es\/index.php?rest_route=\/wp\/v2\/pages\/931\/revisions\/1110"}],"wp:attachment":[{"href":"https:\/\/tanin.es\/index.php?rest_route=%2Fwp%2Fv2%2Fmedia&parent=931"}],"curies":[{"name":"wp","href":"https:\/\/api.w.org\/{rel}","templated":true}]}}